{"id":64,"date":"2024-06-30T08:16:44","date_gmt":"2024-06-30T07:16:44","guid":{"rendered":"https:\/\/logigamma.hu\/info\/?page_id=64"},"modified":"2024-06-30T08:49:28","modified_gmt":"2024-06-30T07:49:28","slug":"palyazat","status":"publish","type":"page","link":"https:\/\/logigamma.hu\/info\/palyazat\/","title":{"rendered":"Eur\u00f3pai uni\u00f3s t\u00e1mogat\u00e1sb\u00f3l megval\u00f3sul\u00f3 fejleszt\u00e9seket"},"content":{"rendered":"\n<div style=\"height:49px\" aria-hidden=\"true\" class=\"wp-block-spacer\"><\/div>\n\n\n\n<figure class=\"wp-block-image size-full\"><img loading=\"lazy\" decoding=\"async\" width=\"1024\" height=\"727\" src=\"https:\/\/logigamma.hu\/info\/wp-content\/uploads\/2024\/06\/LogigammaSped_a2_fekvo_nyomda.jpg\" alt=\"\" class=\"wp-image-47\" srcset=\"https:\/\/logigamma.hu\/info\/wp-content\/uploads\/2024\/06\/LogigammaSped_a2_fekvo_nyomda.jpg 1024w, https:\/\/logigamma.hu\/info\/wp-content\/uploads\/2024\/06\/LogigammaSped_a2_fekvo_nyomda-300x213.jpg 300w, https:\/\/logigamma.hu\/info\/wp-content\/uploads\/2024\/06\/LogigammaSped_a2_fekvo_nyomda-768x545.jpg 768w\" sizes=\"auto, (max-width: 1024px) 100vw, 1024px\" \/><\/figure>\n\n\n\n<div style=\"height:49px\" aria-hidden=\"true\" class=\"wp-block-spacer\"><\/div>\n\n\n\n<h2 class=\"wp-block-heading\">A fejleszt\u00e9s c\u00e9lja<\/h2>\n\n\n\n<p>A c\u00e9g tev\u00e9kenys\u00e9geinek hat\u00e9konyabb elv\u00e9gz\u00e9s\u00e9t seg\u00edt\u0151 eszk\u00f6z\u00f6k beszerz\u00e9se, valamint telephelyfejleszt\u00e9s volt, amely egyben a t\u00e1rol\u00e1si kapacit\u00e1s b\u0151v\u00fcl\u00e9s\u00e9t is jelentette. \u00daj, modernebb, energiahat\u00e9konyabb eszk\u00f6z\u00f6k ker\u00fcltek beszerz\u00e9sre, amelyhez a vissza nem t\u00e9r\u00edtend\u0151 t\u00e1mogat\u00e1st a Magyar Falu V\u00e1llalkoz\u00e1s-\u00fajraind\u00edt\u00e1si Program (GINOP Plusz-1.2.2-22) biztos\u00edtotta, amely forr\u00e1sra sikeres p\u00e1ly\u00e1zatot ny\u00fajtott be a Logigamma Sped Kft.<\/p>\n\n\n\n<div style=\"height:49px\" aria-hidden=\"true\" class=\"wp-block-spacer\"><\/div>\n\n\n\n<h2 class=\"wp-block-heading\">A projekt elemei<\/h2>\n\n\n\n<p>A telephelyfejleszt\u00e9s (ingatlan fejleszt\u00e9s, eszk\u00f6zbeszerz\u00e9s \u00e9s a p\u00e1ly\u00e1zat megval\u00f3s\u00edt\u00e1s\u00e1hoz sz\u00fcks\u00e9ges k\u00f6zvetett tev\u00e9kenys\u00e9gek (projekt el\u0151k\u00e9sz\u00edt\u00e9s, projektmenedzsment, nyilv\u00e1noss\u00e1g biztos\u00edt\u00e1sa).<\/p>\n\n\n\n<div style=\"height:49px\" aria-hidden=\"true\" class=\"wp-block-spacer\"><\/div>\n\n\n\n<h2 class=\"wp-block-heading\">A megval\u00f3s\u00edt\u00e1s helysz\u00edne<\/h2>\n\n\n\n<p>A c\u00e9g \u00faj telephelye lett: 3328 Egersz\u00f3l\u00e1t, \u00c1rp\u00e1d \u00fat 12. HRSZ: 30)<\/p>\n\n\n\n<div style=\"height:49px\" aria-hidden=\"true\" class=\"wp-block-spacer\"><\/div>\n\n\n\n<h2 class=\"wp-block-heading\">A projekt tervezett befejez\u00e9si d\u00e1tuma<\/h2>\n\n\n\n<p>2023.05.15<\/p>\n","protected":false},"excerpt":{"rendered":"<p>A fejleszt\u00e9s c\u00e9lja A c\u00e9g tev\u00e9kenys\u00e9geinek hat\u00e9konyabb elv\u00e9gz\u00e9s\u00e9t seg\u00edt\u0151 eszk\u00f6z\u00f6k beszerz\u00e9se, valamint telephelyfejleszt\u00e9s volt, amely egyben a t\u00e1rol\u00e1si kapacit\u00e1s b\u0151v\u00fcl\u00e9s\u00e9t is jelentette. \u00daj, modernebb, energiahat\u00e9konyabb eszk\u00f6z\u00f6k ker\u00fcltek beszerz\u00e9sre, amelyhez a vissza nem t\u00e9r\u00edtend\u0151 t\u00e1mogat\u00e1st a Magyar Falu V\u00e1llalkoz\u00e1s-\u00fajraind\u00edt\u00e1si Program (GINOP Plusz-1.2.2-22) biztos\u00edtotta, amely forr\u00e1sra sikeres p\u00e1ly\u00e1zatot ny\u00fajtott be a Logigamma Sped Kft. A projekt elemei A telephelyfejleszt\u00e9s (ingatlan fejleszt\u00e9s, eszk\u00f6zbeszerz\u00e9s \u00e9s a p\u00e1ly\u00e1zat megval\u00f3s\u00edt\u00e1s\u00e1hoz sz\u00fcks\u00e9ges k\u00f6zvetett tev\u00e9kenys\u00e9gek (projekt el\u0151k\u00e9sz\u00edt\u00e9s, projektmenedzsment, nyilv\u00e1noss\u00e1g biztos\u00edt\u00e1sa). A megval\u00f3s\u00edt\u00e1s helysz\u00edne A c\u00e9g \u00faj telephelye lett: 3328 Egersz\u00f3l\u00e1t, \u00c1rp\u00e1d \u00fat 12. HRSZ: 30) A projekt tervezett befejez\u00e9si d\u00e1tuma 2023.05.15<\/p>\n","protected":false},"author":1,"featured_media":46,"parent":0,"menu_order":0,"comment_status":"closed","ping_status":"closed","template":"","meta":{"footnotes":""},"class_list":["post-64","page","type-page","status-publish","has-post-thumbnail","hentry"],"_links":{"self":[{"href":"https:\/\/logigamma.hu\/info\/wp-json\/wp\/v2\/pages\/64","targetHints":{"allow":["GET"]}}],"collection":[{"href":"https:\/\/logigamma.hu\/info\/wp-json\/wp\/v2\/pages"}],"about":[{"href":"https:\/\/logigamma.hu\/info\/wp-json\/wp\/v2\/types\/page"}],"author":[{"embeddable":true,"href":"https:\/\/logigamma.hu\/info\/wp-json\/wp\/v2\/users\/1"}],"replies":[{"embeddable":true,"href":"https:\/\/logigamma.hu\/info\/wp-json\/wp\/v2\/comments?post=64"}],"version-history":[{"count":5,"href":"https:\/\/logigamma.hu\/info\/wp-json\/wp\/v2\/pages\/64\/revisions"}],"predecessor-version":[{"id":75,"href":"https:\/\/logigamma.hu\/info\/wp-json\/wp\/v2\/pages\/64\/revisions\/75"}],"wp:featuredmedia":[{"embeddable":true,"href":"https:\/\/logigamma.hu\/info\/wp-json\/wp\/v2\/media\/46"}],"wp:attachment":[{"href":"https:\/\/logigamma.hu\/info\/wp-json\/wp\/v2\/media?parent=64"}],"curies":[{"name":"wp","href":"https:\/\/api.w.org\/{rel}","templated":true}]}}