{"id":16,"date":"2024-06-20T13:51:44","date_gmt":"2024-06-20T12:51:44","guid":{"rendered":"https:\/\/logigamma.hu\/info\/?page_id=16"},"modified":"2024-06-30T09:20:22","modified_gmt":"2024-06-30T08:20:22","slug":"kezdo-lap","status":"publish","type":"page","link":"https:\/\/logigamma.hu\/info\/","title":{"rendered":"LogiGamma Sped Kft."},"content":{"rendered":"\n<div style=\"height:47px\" aria-hidden=\"true\" class=\"wp-block-spacer\"><\/div>\n\n\n\n<h3 class=\"wp-block-heading has-text-align-center\">Nemzetk\u00f6zi \u00e9s belf\u00f6ldi fuvaroz\u00e1s, fuvarszervez\u00e9s \u00e9s sz\u00e1ll\u00edtm\u00e1nyoz\u00e1s, els\u0151sorban Eur\u00f3p\u00e1ba \u00e9s Sv\u00e1jcba.<\/h3>\n\n\n\n<div style=\"height:61px\" aria-hidden=\"true\" class=\"wp-block-spacer\"><\/div>\n\n\n\n<p><strong>Fuvaroz\u00e1ssal, fuvarszervez\u00e9ssel, sz\u00e1ll\u00edtm\u00e1nyoz\u00e1ssal foglalkoz\u00f3 c\u00e9g\u00fcnk h\u00e9t db EURO 6-os nyerges szerelv\u00e9nnyel, a legmagasabb elv\u00e1r\u00e1soknak is megfelel\u0151 k\u00f6nny\u00edtett, raklaptart\u00f3s ponyv\u00e1s f\u00e9lp\u00f3tkocsikkal igyekszik a megb\u00edz\u00f3k ig\u00e9nyeit teljes k\u00f6r\u0171en kiel\u00e9g\u00edteni, nemzetk\u00f6zi \u00e9s belf\u00f6ldi forgalomban egyar\u00e1nt.<\/strong><\/p>\n\n\n\n<div style=\"height:61px\" aria-hidden=\"true\" class=\"wp-block-spacer\"><\/div>\n\n\n\n<p>Legf\u0151bb c\u00e9lkit\u0171z\u00e9s\u00fcnk egy olyan t\u00f6bb gener\u00e1ci\u00f3s csal\u00e1di v\u00e1llalkoz\u00e1s megteremt\u00e9se, amely hossz\u00fa t\u00e1von tudja biztos\u00edtani g\u00e9pj\u00e1rm\u0171 parkunk folyamatos karbantart\u00e1s\u00e1val, fejleszt\u00e9s\u00e9vel a vev\u0151i ig\u00e9nyek maxim\u00e1lis kiel\u00e9g\u00edt\u00e9s\u00e9t, a piaci ig\u00e9nyeket figyelembe vev\u0151, t\u00f6retlen fejl\u0151d\u00e9st, megbecs\u00fcl\u00e9st \u00e9s a megb\u00edzhat\u00f3 anyagi h\u00e1tteret a dolgoz\u00f3i sz\u00e1m\u00e1ra. Munk\u00e1nkat a megb\u00edzhat\u00f3s\u00e1g \u00e9s a becs\u00fcletess\u00e9g jegy\u00e9ben igyeksz\u00fcnk v\u00e9gezni!<\/p>\n\n\n\n<div style=\"height:61px\" aria-hidden=\"true\" class=\"wp-block-spacer\"><\/div>\n","protected":false},"excerpt":{"rendered":"<p>Nemzetk\u00f6zi \u00e9s belf\u00f6ldi fuvaroz\u00e1s, fuvarszervez\u00e9s \u00e9s sz\u00e1ll\u00edtm\u00e1nyoz\u00e1s, els\u0151sorban Eur\u00f3p\u00e1ba \u00e9s Sv\u00e1jcba. Fuvaroz\u00e1ssal, fuvarszervez\u00e9ssel, sz\u00e1ll\u00edtm\u00e1nyoz\u00e1ssal foglalkoz\u00f3 c\u00e9g\u00fcnk h\u00e9t db EURO 6-os nyerges szerelv\u00e9nnyel, a legmagasabb elv\u00e1r\u00e1soknak is megfelel\u0151 k\u00f6nny\u00edtett, raklaptart\u00f3s ponyv\u00e1s f\u00e9lp\u00f3tkocsikkal igyekszik a megb\u00edz\u00f3k ig\u00e9nyeit teljes k\u00f6r\u0171en kiel\u00e9g\u00edteni, nemzetk\u00f6zi \u00e9s belf\u00f6ldi forgalomban egyar\u00e1nt. Legf\u0151bb c\u00e9lkit\u0171z\u00e9s\u00fcnk egy olyan t\u00f6bb gener\u00e1ci\u00f3s csal\u00e1di v\u00e1llalkoz\u00e1s megteremt\u00e9se, amely hossz\u00fa t\u00e1von tudja biztos\u00edtani g\u00e9pj\u00e1rm\u0171 parkunk folyamatos karbantart\u00e1s\u00e1val, fejleszt\u00e9s\u00e9vel a vev\u0151i ig\u00e9nyek maxim\u00e1lis kiel\u00e9g\u00edt\u00e9s\u00e9t, a piaci ig\u00e9nyeket figyelembe vev\u0151, t\u00f6retlen fejl\u0151d\u00e9st, megbecs\u00fcl\u00e9st \u00e9s a megb\u00edzhat\u00f3 anyagi h\u00e1tteret a dolgoz\u00f3i sz\u00e1m\u00e1ra. Munk\u00e1nkat a megb\u00edzhat\u00f3s\u00e1g \u00e9s a becs\u00fcletess\u00e9g jegy\u00e9ben igyeksz\u00fcnk v\u00e9gezni!<\/p>\n","protected":false},"author":1,"featured_media":0,"parent":0,"menu_order":0,"comment_status":"closed","ping_status":"closed","template":"","meta":{"footnotes":""},"class_list":["post-16","page","type-page","status-publish","hentry"],"_links":{"self":[{"href":"https:\/\/logigamma.hu\/info\/wp-json\/wp\/v2\/pages\/16","targetHints":{"allow":["GET"]}}],"collection":[{"href":"https:\/\/logigamma.hu\/info\/wp-json\/wp\/v2\/pages"}],"about":[{"href":"https:\/\/logigamma.hu\/info\/wp-json\/wp\/v2\/types\/page"}],"author":[{"embeddable":true,"href":"https:\/\/logigamma.hu\/info\/wp-json\/wp\/v2\/users\/1"}],"replies":[{"embeddable":true,"href":"https:\/\/logigamma.hu\/info\/wp-json\/wp\/v2\/comments?post=16"}],"version-history":[{"count":8,"href":"https:\/\/logigamma.hu\/info\/wp-json\/wp\/v2\/pages\/16\/revisions"}],"predecessor-version":[{"id":88,"href":"https:\/\/logigamma.hu\/info\/wp-json\/wp\/v2\/pages\/16\/revisions\/88"}],"wp:attachment":[{"href":"https:\/\/logigamma.hu\/info\/wp-json\/wp\/v2\/media?parent=16"}],"curies":[{"name":"wp","href":"https:\/\/api.w.org\/{rel}","templated":true}]}}